{"id":324,"date":"2015-12-07T08:47:53","date_gmt":"2015-12-07T08:47:53","guid":{"rendered":"http:\/\/podologie-engel.de\/?page_id=324"},"modified":"2019-10-18T09:36:45","modified_gmt":"2019-10-18T09:36:45","slug":"praxis","status":"publish","type":"page","link":"https:\/\/podologie-engel.de\/?page_id=324","title":{"rendered":"Praxis"},"content":{"rendered":"<p style=\"text-align: left;\"><span class=\"\" style=\"display:block;clear:both;height: 0px;padding-top: 50px;border-top-width:0px;border-bottom-width:0px;\"><\/span><\/p>\n<p style=\"text-align: left;\"><span style=\"color: #99cc00;\">&#8222;Nimm dir Zeit, um<\/span><\/p>\n<p style=\"text-align: left;\"><span class=\"\" style=\"display:block;clear:both;height: 0px;padding-top: 10px;border-top-width:0px;border-bottom-width:0px;\"><\/span><\/p>\n<p style=\"text-align: left;\"><span style=\"color: #99cc00;\">gl\u00fccklich zu sein.&#8220;<\/span><\/p>\n<p style=\"text-align: left;\"><span class=\"\" style=\"display:block;clear:both;height: 0px;padding-top: 40px;border-top-width:0px;border-bottom-width:0px;\"><\/span><\/p>\n<h3 style=\"text-align: left;\">In unserer Praxis f\u00fchlt sich jeder wohl. \u00dcberzeugen Sie sich selbst. Wir arbeiten in zwei Kabinen, die mit modernem Praxismobiliar ausgestattet sind, damit Sie unter anderem bequem sitzen. Denn Ihr Wohl liegt uns am Herzen.<\/h3>\n<p style=\"text-align: left;\"><span class=\"\" style=\"display:block;clear:both;height: 0px;padding-top: 20px;border-top-width:0px;border-bottom-width:0px;\"><\/span><\/p>\n<h3 style=\"text-align: left;\">Wir haben \u00fcbrigens genug Platz f\u00fcr Rollst\u00fchle oder W\u00e4gelchen und der Eingang ist stufenfrei.<\/h3>\n<p style=\"text-align: left;\"><span class=\"\" style=\"display:block;clear:both;height: 0px;padding-top: 40px;border-top-width:0px;border-bottom-width:0px;\"><\/span><\/p>\n<p><img loading=\"lazy\" decoding=\"async\" class=\"alignnone size-full wp-image-592\" src=\"http:\/\/podologie-engel.de\/wp-content\/uploads\/2018\/08\/IMG_9906.jpg\" alt=\"\" width=\"4032\" height=\"3024\" srcset=\"https:\/\/podologie-engel.de\/wp-content\/uploads\/2018\/08\/IMG_9906.jpg 4032w, https:\/\/podologie-engel.de\/wp-content\/uploads\/2018\/08\/IMG_9906-300x225.jpg 300w, https:\/\/podologie-engel.de\/wp-content\/uploads\/2018\/08\/IMG_9906-768x576.jpg 768w, https:\/\/podologie-engel.de\/wp-content\/uploads\/2018\/08\/IMG_9906-1024x768.jpg 1024w\" sizes=\"auto, (max-width: 4032px) 100vw, 4032px\" \/><\/p>\n<span class=\"\" style=\"display:block;clear:both;height: 0px;padding-top: 20px;border-top-width:0px;border-bottom-width:0px;\"><\/span>\n<p><img loading=\"lazy\" decoding=\"async\" class=\"alignnone size-full wp-image-329\" src=\"http:\/\/podologie-engel.de\/wp-content\/uploads\/2015\/12\/Foto-30.11.15-10-09-12.jpg\" alt=\"\" width=\"4032\" height=\"3024\" srcset=\"https:\/\/podologie-engel.de\/wp-content\/uploads\/2015\/12\/Foto-30.11.15-10-09-12.jpg 4032w, https:\/\/podologie-engel.de\/wp-content\/uploads\/2015\/12\/Foto-30.11.15-10-09-12-300x225.jpg 300w, https:\/\/podologie-engel.de\/wp-content\/uploads\/2015\/12\/Foto-30.11.15-10-09-12-1024x768.jpg 1024w\" sizes=\"auto, (max-width: 4032px) 100vw, 4032px\" \/><\/p>\n<span class=\"\" style=\"display:block;clear:both;height: 0px;padding-top: 20px;border-top-width:0px;border-bottom-width:0px;\"><\/span>\n<p><img loading=\"lazy\" decoding=\"async\" class=\"alignnone size-full wp-image-597\" src=\"http:\/\/podologie-engel.de\/wp-content\/uploads\/2018\/08\/IMG_9912.jpg\" alt=\"\" width=\"4032\" height=\"3024\" srcset=\"https:\/\/podologie-engel.de\/wp-content\/uploads\/2018\/08\/IMG_9912.jpg 4032w, https:\/\/podologie-engel.de\/wp-content\/uploads\/2018\/08\/IMG_9912-300x225.jpg 300w, https:\/\/podologie-engel.de\/wp-content\/uploads\/2018\/08\/IMG_9912-768x576.jpg 768w, https:\/\/podologie-engel.de\/wp-content\/uploads\/2018\/08\/IMG_9912-1024x768.jpg 1024w\" sizes=\"auto, (max-width: 4032px) 100vw, 4032px\" \/><\/p>\n<span class=\"\" style=\"display:block;clear:both;height: 0px;padding-top: 20px;border-top-width:0px;border-bottom-width:0px;\"><\/span>\n<p><img loading=\"lazy\" decoding=\"async\" class=\"alignnone size-full wp-image-591\" src=\"http:\/\/podologie-engel.de\/wp-content\/uploads\/2018\/08\/IMG_9905.jpg\" alt=\"\" width=\"4032\" height=\"3024\" srcset=\"https:\/\/podologie-engel.de\/wp-content\/uploads\/2018\/08\/IMG_9905.jpg 4032w, https:\/\/podologie-engel.de\/wp-content\/uploads\/2018\/08\/IMG_9905-300x225.jpg 300w, https:\/\/podologie-engel.de\/wp-content\/uploads\/2018\/08\/IMG_9905-768x576.jpg 768w, https:\/\/podologie-engel.de\/wp-content\/uploads\/2018\/08\/IMG_9905-1024x768.jpg 1024w\" sizes=\"auto, (max-width: 4032px) 100vw, 4032px\" \/><\/p>\n<span class=\"\" style=\"display:block;clear:both;height: 0px;padding-top: 20px;border-top-width:0px;border-bottom-width:0px;\"><\/span>\n<p><img loading=\"lazy\" decoding=\"async\" class=\"alignnone size-full wp-image-595\" src=\"http:\/\/podologie-engel.de\/wp-content\/uploads\/2018\/08\/IMG_9945.jpg\" alt=\"\" width=\"4032\" height=\"3024\" srcset=\"https:\/\/podologie-engel.de\/wp-content\/uploads\/2018\/08\/IMG_9945.jpg 4032w, https:\/\/podologie-engel.de\/wp-content\/uploads\/2018\/08\/IMG_9945-300x225.jpg 300w, https:\/\/podologie-engel.de\/wp-content\/uploads\/2018\/08\/IMG_9945-768x576.jpg 768w, https:\/\/podologie-engel.de\/wp-content\/uploads\/2018\/08\/IMG_9945-1024x768.jpg 1024w\" sizes=\"auto, (max-width: 4032px) 100vw, 4032px\" \/><\/p>\n<span class=\"\" style=\"display:block;clear:both;height: 0px;padding-top: 20px;border-top-width:0px;border-bottom-width:0px;\"><\/span>\n<p><img loading=\"lazy\" decoding=\"async\" class=\"alignnone size-full wp-image-596\" src=\"http:\/\/podologie-engel.de\/wp-content\/uploads\/2018\/08\/IMG_5789.jpg\" alt=\"\" width=\"4032\" height=\"3024\" srcset=\"https:\/\/podologie-engel.de\/wp-content\/uploads\/2018\/08\/IMG_5789.jpg 4032w, https:\/\/podologie-engel.de\/wp-content\/uploads\/2018\/08\/IMG_5789-300x225.jpg 300w, https:\/\/podologie-engel.de\/wp-content\/uploads\/2018\/08\/IMG_5789-768x576.jpg 768w, https:\/\/podologie-engel.de\/wp-content\/uploads\/2018\/08\/IMG_5789-1024x768.jpg 1024w\" sizes=\"auto, (max-width: 4032px) 100vw, 4032px\" \/><\/p>\n<span class=\"\" style=\"display:block;clear:both;height: 0px;padding-top: 20px;border-top-width:0px;border-bottom-width:0px;\"><\/span>\n<pre>\u00a0<\/pre>\n\n<p><a href=\"https:\/\/www.doctolib.de\/einzelpraxis\/kerpen\/podologiepraxis-sindorf-fr-lidia-engel?utm_medium=referral&amp;utm_campaign=website-button&amp;utm_content=option-5&amp;utm_term=gueler-coskun&amp;utm_source=gueler-coskun-website-button\" style=\"display:block;text-align:center;background-color:#0596DE;color:#ffffff;font-size:14px;overflow:hidden;width:257px;height:40px;border-bottom-right-radius:none;border-bottom-left-radius:none;position:fixed;bottom:0;right:5px;z-index:1000;border-top-left-radius:4px;border-top-right-radius:4px;line-height:40px\" target=\"_blank\" data-reactroot=\"\" rel=\"noopener noreferrer\"><span style=\"font-size:14px\">Termin online vereinbaren<\/span><img decoding=\"async\" style=\"height:15px;margin-bottom:3px;vertical-align:middle;width:auto\" src=\"https:\/\/pro.doctolib.de\/external_button\/doctolib-white-transparent.png\" alt=\"Doctolib\"\/><\/a><\/p>\n","protected":false},"excerpt":{"rendered":"<p>&#8222;Nimm dir Zeit, um gl\u00fccklich zu sein.&#8220; In unserer Praxis f\u00fchlt sich jeder wohl. \u00dcberzeugen Sie sich selbst. Wir arbeiten in zwei Kabinen, die mit modernem Praxismobiliar ausgestattet sind, damit Sie unter anderem bequem sitzen. Denn Ihr Wohl liegt uns am Herzen. Wir haben \u00fcbrigens genug Platz f\u00fcr Rollst\u00fchle oder W\u00e4gelchen und der Eingang ist <a class=\"moretag\" href=\"https:\/\/podologie-engel.de\/?page_id=324\">Read More &#8230;<\/a><\/p>\n","protected":false},"author":1,"featured_media":0,"parent":0,"menu_order":0,"comment_status":"closed","ping_status":"closed","template":"full-width-page.php","meta":{"footnotes":""},"class_list":["post-324","page","type-page","status-publish","hentry"],"_links":{"self":[{"href":"https:\/\/podologie-engel.de\/index.php?rest_route=\/wp\/v2\/pages\/324","targetHints":{"allow":["GET"]}}],"collection":[{"href":"https:\/\/podologie-engel.de\/index.php?rest_route=\/wp\/v2\/pages"}],"about":[{"href":"https:\/\/podologie-engel.de\/index.php?rest_route=\/wp\/v2\/types\/page"}],"author":[{"embeddable":true,"href":"https:\/\/podologie-engel.de\/index.php?rest_route=\/wp\/v2\/users\/1"}],"replies":[{"embeddable":true,"href":"https:\/\/podologie-engel.de\/index.php?rest_route=%2Fwp%2Fv2%2Fcomments&post=324"}],"version-history":[{"count":9,"href":"https:\/\/podologie-engel.de\/index.php?rest_route=\/wp\/v2\/pages\/324\/revisions"}],"predecessor-version":[{"id":640,"href":"https:\/\/podologie-engel.de\/index.php?rest_route=\/wp\/v2\/pages\/324\/revisions\/640"}],"wp:attachment":[{"href":"https:\/\/podologie-engel.de\/index.php?rest_route=%2Fwp%2Fv2%2Fmedia&parent=324"}],"curies":[{"name":"wp","href":"https:\/\/api.w.org\/{rel}","templated":true}]}}